{"id":483,"date":"2021-07-26T11:00:57","date_gmt":"2021-07-26T09:00:57","guid":{"rendered":"http:\/\/powreketrzyn.pl\/?page_id=483"},"modified":"2026-03-08T23:01:12","modified_gmt":"2026-03-08T22:01:12","slug":"plan-pracy-podn-w-ketrzynie","status":"publish","type":"page","link":"https:\/\/powreketrzyn.pl\/index.php\/grafik-dyzurow-metodycznych-doradcow-podn\/plan-pracy-podn-w-ketrzynie\/","title":{"rendered":"Plan pracy PODN w K\u0119trzynie"},"content":{"rendered":"\n<p>Aby zam\u00f3wi\u0107 dowoln\u0105 form\u0119  szkoleniow\u0105 prosimy o kontakt z dyrektorem POWRE w K\u0119trzynie lub doradcami metodycznymi. W przypadku, gdy poszukujecie Pa\u0144stwo konkretnej formy a nie ma jej w naszej ofercie &#8211; prosimy o zg\u0142oszenie zapytania. Jeste\u015bmy bardzo elastyczni w zakresie dopasowania oferty do klienta. <\/p>\n\n\n\n<p class=\"has-black-color has-vivid-cyan-blue-background-color has-text-color has-background has-medium-font-size\">Przedstawiamy plan pracy na rok szkolny 2025\/26:<\/p>\n\n\n\n<div class=\"wp-block-file\"><a href=\"https:\/\/powreketrzyn.pl\/wp-content\/uploads\/2025\/09\/Plan-pracy-2025-26.pdf\">Plan-pracy-2025-26<\/a><a href=\"https:\/\/powreketrzyn.pl\/wp-content\/uploads\/2025\/09\/Plan-pracy-2025-26.pdf\" class=\"wp-block-file__button\" download>Pobierz<\/a><\/div>\n\n\n\n<p><\/p>\n\n\n\n<div class=\"wp-block-columns\">\n<div class=\"wp-block-column\"><\/div>\n<\/div>\n\n\n\n<p class=\"has-black-color has-cyan-bluish-gray-background-color has-text-color has-background\">Miesi\u0119czne plany pracy w roku szkolnym 2025\/26<\/p>\n\n\n\n<p>Plan na czerwiec:<\/p>\n\n\n\n<p><\/p>\n\n\n\n<p class=\"has-pale-cyan-blue-background-color has-background\">Plan na maj:<\/p>\n\n\n\n<p><\/p>\n\n\n\n<p class=\"has-pale-cyan-blue-background-color has-background\">Plan na kwiecie\u0144:<\/p>\n\n\n\n<p><\/p>\n\n\n\n<p class=\"has-pale-cyan-blue-background-color has-background\">Plan na marzec:<\/p>\n\n\n\n<div class=\"wp-block-file\"><a href=\"https:\/\/powreketrzyn.pl\/wp-content\/uploads\/2026\/03\/marzec.pdf\">marzec<\/a><a href=\"https:\/\/powreketrzyn.pl\/wp-content\/uploads\/2026\/03\/marzec.pdf\" class=\"wp-block-file__button\" download>Pobierz<\/a><\/div>\n\n\n\n<p class=\"has-pale-cyan-blue-background-color has-background\">Plan pracy na luty:<\/p>\n\n\n\n<div class=\"wp-block-file\"><a href=\"https:\/\/powreketrzyn.pl\/wp-content\/uploads\/2026\/02\/luty-1.pdf\">luty-1<\/a><a href=\"https:\/\/powreketrzyn.pl\/wp-content\/uploads\/2026\/02\/luty-1.pdf\" class=\"wp-block-file__button\" download>Pobierz<\/a><\/div>\n\n\n\n<p class=\"has-pale-cyan-blue-background-color has-background\">Plan pracy na stycze\u0144:<\/p>\n\n\n\n<div class=\"wp-block-file\"><a href=\"https:\/\/powreketrzyn.pl\/wp-content\/uploads\/2026\/02\/styczen.pdf\">styczen<\/a><a href=\"https:\/\/powreketrzyn.pl\/wp-content\/uploads\/2026\/02\/styczen.pdf\" class=\"wp-block-file__button\" download>Pobierz<\/a><\/div>\n\n\n\n<p class=\"has-pale-cyan-blue-background-color has-background\">Plan pracy na grudzie\u0144:<\/p>\n\n\n\n<div class=\"wp-block-file\"><a href=\"https:\/\/powreketrzyn.pl\/wp-content\/uploads\/2026\/02\/grudzien.pdf\">grudzien<\/a><a href=\"https:\/\/powreketrzyn.pl\/wp-content\/uploads\/2026\/02\/grudzien.pdf\" class=\"wp-block-file__button\" download>Pobierz<\/a><\/div>\n\n\n\n<p class=\"has-pale-cyan-blue-background-color has-background\">Plan pracy na listopad:<\/p>\n\n\n\n<div class=\"wp-block-file\"><a href=\"https:\/\/powreketrzyn.pl\/wp-content\/uploads\/2026\/02\/Listopad.pdf\">Listopad<\/a><a href=\"https:\/\/powreketrzyn.pl\/wp-content\/uploads\/2026\/02\/Listopad.pdf\" class=\"wp-block-file__button\" download>Pobierz<\/a><\/div>\n\n\n\n<p class=\"has-pale-cyan-blue-background-color has-background\">Plan pracy na pa\u017adziernik:<\/p>\n\n\n\n<div class=\"wp-block-file\"><a href=\"https:\/\/powreketrzyn.pl\/wp-content\/uploads\/2026\/02\/Pazdziernik-2.pdf\">Pazdziernik-2<\/a><a href=\"https:\/\/powreketrzyn.pl\/wp-content\/uploads\/2026\/02\/Pazdziernik-2.pdf\" class=\"wp-block-file__button\" download>Pobierz<\/a><\/div>\n\n\n\n<div class=\"wp-block-columns\">\n<div class=\"wp-block-column\"><\/div>\n<\/div>\n\n\n\n<p><\/p>\n","protected":false},"excerpt":{"rendered":"<p>Aby zam\u00f3wi\u0107 dowoln\u0105 form\u0119 szkoleniow\u0105 prosimy o kontakt z dyrektorem POWRE w K\u0119trzynie lub doradcami metodycznymi. W przypadku, gdy poszukujecie Pa\u0144stwo konkretnej formy a nie ma jej w naszej ofercie &#8211; prosimy o zg\u0142oszenie zapytania. Jeste\u015bmy bardzo elastyczni w zakresie dopasowania oferty do klienta. Przedstawiamy&hellip; <a href=\"https:\/\/powreketrzyn.pl\/index.php\/grafik-dyzurow-metodycznych-doradcow-podn\/plan-pracy-podn-w-ketrzynie\/\">Read More<\/a><\/p>\n","protected":false},"author":2,"featured_media":7,"parent":41,"menu_order":1,"comment_status":"closed","ping_status":"closed","template":"","meta":[],"_links":{"self":[{"href":"https:\/\/powreketrzyn.pl\/index.php\/wp-json\/wp\/v2\/pages\/483"}],"collection":[{"href":"https:\/\/powreketrzyn.pl\/index.php\/wp-json\/wp\/v2\/pages"}],"about":[{"href":"https:\/\/powreketrzyn.pl\/index.php\/wp-json\/wp\/v2\/types\/page"}],"author":[{"embeddable":true,"href":"https:\/\/powreketrzyn.pl\/index.php\/wp-json\/wp\/v2\/users\/2"}],"replies":[{"embeddable":true,"href":"https:\/\/powreketrzyn.pl\/index.php\/wp-json\/wp\/v2\/comments?post=483"}],"version-history":[{"count":42,"href":"https:\/\/powreketrzyn.pl\/index.php\/wp-json\/wp\/v2\/pages\/483\/revisions"}],"predecessor-version":[{"id":1540,"href":"https:\/\/powreketrzyn.pl\/index.php\/wp-json\/wp\/v2\/pages\/483\/revisions\/1540"}],"up":[{"embeddable":true,"href":"https:\/\/powreketrzyn.pl\/index.php\/wp-json\/wp\/v2\/pages\/41"}],"wp:featuredmedia":[{"embeddable":true,"href":"https:\/\/powreketrzyn.pl\/index.php\/wp-json\/wp\/v2\/media\/7"}],"wp:attachment":[{"href":"https:\/\/powreketrzyn.pl\/index.php\/wp-json\/wp\/v2\/media?parent=483"}],"curies":[{"name":"wp","href":"https:\/\/api.w.org\/{rel}","templated":true}]}}