{"id":31,"date":"2021-01-15T13:26:44","date_gmt":"2021-01-15T12:26:44","guid":{"rendered":"http:\/\/powreketrzyn.pl\/?page_id=31"},"modified":"2026-04-15T16:19:58","modified_gmt":"2026-04-15T14:19:58","slug":"wnioski-do-pobrania","status":"publish","type":"page","link":"https:\/\/powreketrzyn.pl\/index.php\/wnioski-do-pobrania\/","title":{"rendered":"Dokumenty do pobrania"},"content":{"rendered":"\n<p class=\"has-light-green-cyan-background-color has-background has-normal-font-size\">Wniosek o zapisanie na zaj\u0119cia wczesnego wspomagania rozwoju <\/p>\n\n\n\n<div class=\"wp-block-file\"><a href=\"http:\/\/powreketrzyn.pl\/wp-content\/uploads\/2021\/08\/Wniosek-rodzocow-o-wwr-1.docx\">Wniosek-rodzicow-o-wwr<\/a><a href=\"http:\/\/powreketrzyn.pl\/wp-content\/uploads\/2021\/08\/Wniosek-rodzocow-o-wwr-1.docx\" class=\"wp-block-file__button\" download>Pobierz<\/a><\/div>\n\n\n\n<p class=\"has-pale-pink-background-color has-background has-medium-font-size\">ZG\u0141OSZENIE DZIECKA DO PORADNI:<\/p>\n\n\n\n<div class=\"wp-block-file\"><a href=\"https:\/\/powreketrzyn.pl\/wp-content\/uploads\/2025\/05\/ZGLOSZENIE-DO-PORADNI-NOWE.docx\">ZGLOSZENIE-DO-PORADNI-NOWE<\/a><a href=\"https:\/\/powreketrzyn.pl\/wp-content\/uploads\/2025\/05\/ZGLOSZENIE-DO-PORADNI-NOWE.docx\" class=\"wp-block-file__button\" download>Pobierz<\/a><\/div>\n\n\n\n<div class=\"wp-block-file\"><a href=\"https:\/\/powreketrzyn.pl\/wp-content\/uploads\/2025\/05\/ZGLOSZENIE-DO-PORADNI-NOWE.pdf\">ZGLOSZENIE-DO-PORADNI-NOWE<\/a><a href=\"https:\/\/powreketrzyn.pl\/wp-content\/uploads\/2025\/05\/ZGLOSZENIE-DO-PORADNI-NOWE.pdf\" class=\"wp-block-file__button\" download>Pobierz<\/a><\/div>\n\n\n\n<p class=\"has-luminous-vivid-amber-background-color has-background\"><strong>Opinie ze szko\u0142y &#8211; wzory:<\/strong><\/p>\n\n\n\n<div class=\"wp-block-file\"><a href=\"http:\/\/powreketrzyn.pl\/wp-content\/uploads\/2021\/02\/Wniosek-szkoly-o-przeprwoadzenie-diagnozy-w-poradni.docx\">Wniosek-szkoly-o-przeprwoadzenie-diagnozy-w-poradni<\/a><a href=\"http:\/\/powreketrzyn.pl\/wp-content\/uploads\/2021\/02\/Wniosek-szkoly-o-przeprwoadzenie-diagnozy-w-poradni.docx\" class=\"wp-block-file__button\" download>Pobierz<\/a><\/div>\n\n\n\n<p class=\"has-pale-cyan-blue-background-color has-background\">Zg\u0142oszenie dziecka na badanie przez szko\u0142\u0119 za zgod\u0105 rodzic\u00f3w:<\/p>\n\n\n\n<div class=\"wp-block-file\"><a href=\"http:\/\/powreketrzyn.pl\/wp-content\/uploads\/2021\/03\/Wyrazenie-zgody-przez-rodzica-o-wystapienie-z-wnioskiem-o-badanie-przez-szkole.docx\">Wyrazenie-zgody-przez-rodzica-o-wystapienie-z-wnioskiem-o-badanie-przez-szkole<\/a><a href=\"http:\/\/powreketrzyn.pl\/wp-content\/uploads\/2021\/03\/Wyrazenie-zgody-przez-rodzica-o-wystapienie-z-wnioskiem-o-badanie-przez-szkole.docx\" class=\"wp-block-file__button\" download>Pobierz<\/a><\/div>\n\n\n\n<p class=\"has-pale-cyan-blue-background-color has-background\">Opinia ze szko\u0142y, w przypadku, gdy o konsultacj\u0119 wyst\u0105pi\u0142 rodzic:<\/p>\n\n\n\n<div class=\"wp-block-file\"><a href=\"http:\/\/powreketrzyn.pl\/wp-content\/uploads\/2021\/02\/Opinia-ze-szkoly-o-uczniu-do-celow-diagnozy-w-poradni.docx\">Opinia-ze-szkoly-o-uczniu-do-celow-diagnozy-w-poradni<\/a><a href=\"http:\/\/powreketrzyn.pl\/wp-content\/uploads\/2021\/02\/Opinia-ze-szkoly-o-uczniu-do-celow-diagnozy-w-poradni.docx\" class=\"wp-block-file__button\" download>Pobierz<\/a><\/div>\n\n\n\n<p><\/p>\n\n\n\n<p class=\"has-pale-pink-background-color has-background has-medium-font-size\">Wniosek o konsultacj\u0119 logopedyczn\u0105:<\/p>\n\n\n\n<div class=\"wp-block-file\"><a href=\"http:\/\/powreketrzyn.pl\/wp-content\/uploads\/2021\/01\/wniosek-o-konsultacje-logopedyczna.doc\">wniosek-o-konsultacje-logopedyczna<\/a><a href=\"http:\/\/powreketrzyn.pl\/wp-content\/uploads\/2021\/01\/wniosek-o-konsultacje-logopedyczna.doc\" class=\"wp-block-file__button\" download>Pobierz<\/a><\/div>\n\n\n\n<p class=\"has-medium-font-size\">DOKUMENTACJA DO ORZECZE\u0143 O POTRZEBIE KSZTA\u0141CENIA SPECJALNEGO, NAUCZANIA INDYWIDUALNEGO I OPINII WWR<\/p>\n\n\n\n<p class=\"has-cyan-bluish-gray-background-color has-background has-medium-font-size\">Za\u015bwiadczenie lekarskie &#8211; NAUCZANIE INDYWIDUALNE<\/p>\n\n\n\n<div class=\"wp-block-file\"><a href=\"https:\/\/powreketrzyn.pl\/wp-content\/uploads\/2026\/04\/Zaswiadczenie-lekarskie-ind.-nauczanie-ind.-roczne-obowiazkowe-przygotowanie-przedszkolne.pdf\">Zaswiadczenie-lekarskie-ind.-nauczanie-ind.-roczne-obowiazkowe-przygotowanie-przedszkolne<\/a><a href=\"https:\/\/powreketrzyn.pl\/wp-content\/uploads\/2026\/04\/Zaswiadczenie-lekarskie-ind.-nauczanie-ind.-roczne-obowiazkowe-przygotowanie-przedszkolne.pdf\" class=\"wp-block-file__button\" download>Pobierz<\/a><\/div>\n\n\n\n<p class=\"has-cyan-bluish-gray-background-color has-background has-medium-font-size\">Za\u015bwiadczenie lekarskie &#8211; WCZESNE WSPOMAGANIE ROZWOJU<\/p>\n\n\n\n<div class=\"wp-block-file\"><a href=\"https:\/\/powreketrzyn.pl\/wp-content\/uploads\/2026\/04\/zaswiadczenie-lekarskie-wwr.pdf\">zaswiadczenie-lekarskie-wwr<\/a><a href=\"https:\/\/powreketrzyn.pl\/wp-content\/uploads\/2026\/04\/zaswiadczenie-lekarskie-wwr.pdf\" class=\"wp-block-file__button\" download>Pobierz<\/a><\/div>\n\n\n\n<p class=\"has-cyan-bluish-gray-background-color has-background has-medium-font-size\">Za\u015bwiadczenie lekarskie &#8211; AUTYZM, W TYM ZESP\u00d3\u0141 ASPERGERA<\/p>\n\n\n\n<div class=\"wp-block-file\"><a href=\"https:\/\/powreketrzyn.pl\/wp-content\/uploads\/2026\/04\/zaswiadczenie-lekarskie-autyzm-w-tym-zespol-Aspergera.pdf\">zaswiadczenie-lekarskie-autyzm-w-tym-zespol-Aspergera<\/a><a href=\"https:\/\/powreketrzyn.pl\/wp-content\/uploads\/2026\/04\/zaswiadczenie-lekarskie-autyzm-w-tym-zespol-Aspergera.pdf\" class=\"wp-block-file__button\" download>Pobierz<\/a><\/div>\n\n\n\n<p class=\"has-cyan-bluish-gray-background-color has-background has-medium-font-size\">Za\u015bwiadczenie lekarskie &#8211; DZIECKO NIES\u0141YSZ\u0104CE LUB S\u0141ABOS\u0141YSZ\u0104CE<\/p>\n\n\n\n<div class=\"wp-block-file\"><a href=\"https:\/\/powreketrzyn.pl\/wp-content\/uploads\/2026\/04\/Zaswiadczenie-lekarskie-dziecko-nieslyszace-lub-slaboslyszace.pdf\">Zaswiadczenie-lekarskie-dziecko-nieslyszace-lub-slaboslyszace<\/a><a href=\"https:\/\/powreketrzyn.pl\/wp-content\/uploads\/2026\/04\/Zaswiadczenie-lekarskie-dziecko-nieslyszace-lub-slaboslyszace.pdf\" class=\"wp-block-file__button\" download>Pobierz<\/a><\/div>\n\n\n\n<p class=\"has-cyan-bluish-gray-background-color has-background has-medium-font-size\">Za\u015bwiadczenie lekarskie &#8211; DZIECKO NIEWIDOME LUB S\u0141ABOWIDZ\u0104CE<\/p>\n\n\n\n<div class=\"wp-block-file\"><a href=\"https:\/\/powreketrzyn.pl\/wp-content\/uploads\/2026\/04\/Zaswiadczenie-lekarskie-dziecko-niewidzace-lub-slabowidzace.pdf\">Zaswiadczenie-lekarskie-dziecko-niewidzace-lub-slabowidzace<\/a><a href=\"https:\/\/powreketrzyn.pl\/wp-content\/uploads\/2026\/04\/Zaswiadczenie-lekarskie-dziecko-niewidzace-lub-slabowidzace.pdf\" class=\"wp-block-file__button\" download>Pobierz<\/a><\/div>\n\n\n\n<p class=\"has-cyan-bluish-gray-background-color has-background has-medium-font-size\">Za\u015bwiadczenie lekarskie &#8211; NIEPE\u0141NOSPRAWNO\u015a\u0106 RUCHOWA, W TYM AFAZJA<\/p>\n\n\n\n<div class=\"wp-block-file\"><a href=\"https:\/\/powreketrzyn.pl\/wp-content\/uploads\/2026\/04\/zaswiadczenie-lekarskie-niepelnosprawnosc-ruchowa-w-tym-afazja.pdf\">zaswiadczenie-lekarskie-niepelnosprawnosc-ruchowa-w-tym-afazja<\/a><a href=\"https:\/\/powreketrzyn.pl\/wp-content\/uploads\/2026\/04\/zaswiadczenie-lekarskie-niepelnosprawnosc-ruchowa-w-tym-afazja.pdf\" class=\"wp-block-file__button\" download>Pobierz<\/a><\/div>\n\n\n\n<p class=\"has-black-color has-white-background-color has-text-color has-background has-medium-font-size\">ZINDYWIDUALIZOWANA \u015aCIE\u017bKA KSZTA\u0141CENIA<\/p>\n\n\n\n<div class=\"wp-block-file\"><a href=\"http:\/\/powreketrzyn.pl\/wp-content\/uploads\/2021\/01\/ZSK_opinia_szkoly-2.doc\">ZSK_opinia_szkoly-2<\/a><a href=\"http:\/\/powreketrzyn.pl\/wp-content\/uploads\/2021\/01\/ZSK_opinia_szkoly-2.doc\" class=\"wp-block-file__button\" download>Pobierz<\/a><\/div>\n\n\n\n<p class=\"has-vivid-cyan-blue-background-color has-background has-medium-font-size\">ZA\u015aWIADCZENIE LEKARSKIE &#8211; Z\u015aK<\/p>\n\n\n\n<div class=\"wp-block-file\"><a href=\"http:\/\/powreketrzyn.pl\/wp-content\/uploads\/2021\/01\/ZSK_zaswiadczenie_lekarskie-1.doc\">ZSK_zaswiadczenie_lekarskie-1<\/a><a href=\"http:\/\/powreketrzyn.pl\/wp-content\/uploads\/2021\/01\/ZSK_zaswiadczenie_lekarskie-1.doc\" class=\"wp-block-file__button\" download>Pobierz<\/a><\/div>\n\n\n\n<p class=\"has-vivid-cyan-blue-background-color has-background has-medium-font-size\">OPINIA ZE SZKO\u0141Y &#8211; Z\u015aK<\/p>\n\n\n\n<div class=\"wp-block-file\"><a href=\"http:\/\/powreketrzyn.pl\/wp-content\/uploads\/2021\/01\/ZSK_opinia_szkoly-2.doc\">ZSK_opinia_szkoly-2<\/a><a href=\"http:\/\/powreketrzyn.pl\/wp-content\/uploads\/2021\/01\/ZSK_opinia_szkoly-2.doc\" class=\"wp-block-file__button\" download>Pobierz<\/a><\/div>\n","protected":false},"excerpt":{"rendered":"<p>Wniosek o zapisanie na zaj\u0119cia wczesnego wspomagania rozwoju ZG\u0141OSZENIE DZIECKA DO PORADNI: Opinie ze szko\u0142y &#8211; wzory: Zg\u0142oszenie dziecka na badanie przez szko\u0142\u0119 za zgod\u0105 rodzic\u00f3w: Opinia ze szko\u0142y, w przypadku, gdy o konsultacj\u0119 wyst\u0105pi\u0142 rodzic: Wniosek o konsultacj\u0119 logopedyczn\u0105: DOKUMENTACJA DO ORZECZE\u0143 O POTRZEBIE&hellip; <a href=\"https:\/\/powreketrzyn.pl\/index.php\/wnioski-do-pobrania\/\">Read More<\/a><\/p>\n","protected":false},"author":1,"featured_media":0,"parent":0,"menu_order":0,"comment_status":"closed","ping_status":"closed","template":"","meta":[],"_links":{"self":[{"href":"https:\/\/powreketrzyn.pl\/index.php\/wp-json\/wp\/v2\/pages\/31"}],"collection":[{"href":"https:\/\/powreketrzyn.pl\/index.php\/wp-json\/wp\/v2\/pages"}],"about":[{"href":"https:\/\/powreketrzyn.pl\/index.php\/wp-json\/wp\/v2\/types\/page"}],"author":[{"embeddable":true,"href":"https:\/\/powreketrzyn.pl\/index.php\/wp-json\/wp\/v2\/users\/1"}],"replies":[{"embeddable":true,"href":"https:\/\/powreketrzyn.pl\/index.php\/wp-json\/wp\/v2\/comments?post=31"}],"version-history":[{"count":16,"href":"https:\/\/powreketrzyn.pl\/index.php\/wp-json\/wp\/v2\/pages\/31\/revisions"}],"predecessor-version":[{"id":1565,"href":"https:\/\/powreketrzyn.pl\/index.php\/wp-json\/wp\/v2\/pages\/31\/revisions\/1565"}],"wp:attachment":[{"href":"https:\/\/powreketrzyn.pl\/index.php\/wp-json\/wp\/v2\/media?parent=31"}],"curies":[{"name":"wp","href":"https:\/\/api.w.org\/{rel}","templated":true}]}}