{"id":29,"date":"2021-01-15T13:25:53","date_gmt":"2021-01-15T12:25:53","guid":{"rendered":"http:\/\/powreketrzyn.pl\/?page_id=29"},"modified":"2021-01-26T23:21:36","modified_gmt":"2021-01-26T22:21:36","slug":"pytania-i-odpowiedzi","status":"publish","type":"page","link":"https:\/\/powreketrzyn.pl\/index.php\/pytania-i-odpowiedzi\/","title":{"rendered":"Pytania i odpowiedzi"},"content":{"rendered":"\n<ul class=\"has-very-light-gray-to-cyan-bluish-gray-gradient-background has-background\"><li><strong>Jakie s\u0105 zasady zwalniania ucznia z nauki drugiego j\u0119zyka obcego?<\/strong><\/li><\/ul>\n\n\n\n<div class=\"wp-block-file\"><a href=\"http:\/\/powreketrzyn.pl\/wp-content\/uploads\/2021\/01\/Kiedy-mozna-zwolnic-ucznia-z-nauki-drugiego-jezyka-obcego_.pdf\">Kiedy-mozna-zwolnic-ucznia-z-nauki-drugiego-jezyka-obcego_<\/a><a href=\"http:\/\/powreketrzyn.pl\/wp-content\/uploads\/2021\/01\/Kiedy-mozna-zwolnic-ucznia-z-nauki-drugiego-jezyka-obcego_.pdf\" class=\"wp-block-file__button\" download>Pobierz<\/a><\/div>\n\n\n\n<p><\/p>\n\n\n\n<ul class=\"has-very-light-gray-to-cyan-bluish-gray-gradient-background has-background\"><li><strong>Kiedy wydaje si\u0119 opini\u0119 o specyficznych trudno\u015bciach edukacyjnych?<\/strong><\/li><\/ul>\n\n\n\n<div class=\"wp-block-image\"><figure class=\"aligncenter size-large\"><img loading=\"lazy\" width=\"683\" height=\"1024\" src=\"http:\/\/powreketrzyn.pl\/wp-content\/uploads\/2021\/01\/bca-683x1024.jpg\" alt=\"\" class=\"wp-image-190\" srcset=\"https:\/\/powreketrzyn.pl\/wp-content\/uploads\/2021\/01\/bca-683x1024.jpg 683w, https:\/\/powreketrzyn.pl\/wp-content\/uploads\/2021\/01\/bca-200x300.jpg 200w, https:\/\/powreketrzyn.pl\/wp-content\/uploads\/2021\/01\/bca.jpg 735w\" sizes=\"(max-width: 683px) 100vw, 683px\" \/><\/figure><\/div>\n","protected":false},"excerpt":{"rendered":"<p>Jakie s\u0105 zasady zwalniania ucznia z nauki drugiego j\u0119zyka obcego? Kiedy wydaje si\u0119 opini\u0119 o specyficznych trudno\u015bciach edukacyjnych?<\/p>\n","protected":false},"author":1,"featured_media":0,"parent":0,"menu_order":0,"comment_status":"closed","ping_status":"closed","template":"","meta":[],"_links":{"self":[{"href":"https:\/\/powreketrzyn.pl\/index.php\/wp-json\/wp\/v2\/pages\/29"}],"collection":[{"href":"https:\/\/powreketrzyn.pl\/index.php\/wp-json\/wp\/v2\/pages"}],"about":[{"href":"https:\/\/powreketrzyn.pl\/index.php\/wp-json\/wp\/v2\/types\/page"}],"author":[{"embeddable":true,"href":"https:\/\/powreketrzyn.pl\/index.php\/wp-json\/wp\/v2\/users\/1"}],"replies":[{"embeddable":true,"href":"https:\/\/powreketrzyn.pl\/index.php\/wp-json\/wp\/v2\/comments?post=29"}],"version-history":[{"count":5,"href":"https:\/\/powreketrzyn.pl\/index.php\/wp-json\/wp\/v2\/pages\/29\/revisions"}],"predecessor-version":[{"id":196,"href":"https:\/\/powreketrzyn.pl\/index.php\/wp-json\/wp\/v2\/pages\/29\/revisions\/196"}],"wp:attachment":[{"href":"https:\/\/powreketrzyn.pl\/index.php\/wp-json\/wp\/v2\/media?parent=29"}],"curies":[{"name":"wp","href":"https:\/\/api.w.org\/{rel}","templated":true}]}}