{"id":3,"date":"2020-11-15T12:56:37","date_gmt":"2020-11-15T11:56:37","guid":{"rendered":"http:\/\/powreketrzyn.pl\/?page_id=3"},"modified":"2021-01-15T14:02:53","modified_gmt":"2021-01-15T13:02:53","slug":"polityka-prywatnosci","status":"publish","type":"page","link":"http:\/\/powreketrzyn.pl\/index.php\/polityka-prywatnosci\/","title":{"rendered":"Polityka prywatno\u015bci"},"content":{"rendered":"\n<h2>Kim jeste\u015bmy<\/h2>\n\n\n\n<p>Adres naszej strony internetowej to: http:\/\/powreketrzyn.pl.<\/p>\n\n\n\n<h2>Jakie dane osobiste zbieramy i dlaczego je zbieramy<\/h2>\n\n\n\n<h3>Komentarze<\/h3>\n\n\n\n<p>Kiedy odwiedzaj\u0105cy witryn\u0119 zostawia komentarz, zbieramy dane widoczne w formularzu komentowania, jak i adres IP odwiedzaj\u0105cego oraz podpis jego przegl\u0105darki jako pomoc przy wykrywaniu spamu.<\/p>\n\n\n\n<p>Zanonimizowany ci\u0105g znak\u00f3w stworzony na podstawie twojego adresu email (tak zwany hash) mo\u017ce zosta\u0107 przes\u0142any do us\u0142ugi Gravatar w celu sprawdzenia czy jej u\u017cywasz. Polityka prywatno\u015bci us\u0142ugi Gravatar jest dost\u0119pna tutaj: https:\/\/automattic.com\/privacy\/. Po zatwierdzeniu komentarza tw\u00f3j obrazek profilowy jest widoczny publicznie w kontek\u015bcie twojego komentarza.<\/p>\n\n\n\n<h3>Media<\/h3>\n\n\n\n<p>Je\u015bli jeste\u015b zarejestrowanym u\u017cytkownikiem i wgrywasz na witryn\u0119 obrazki, powiniene\u015b unika\u0107 przesy\u0142ania obrazk\u00f3w z tagami EXIF lokalizacji. Odwiedzaj\u0105cy stron\u0119 mog\u0105 pobra\u0107 i odczyta\u0107 pe\u0142ne dane lokalizacyjne z obrazk\u00f3w w witrynie.<\/p>\n\n\n\n<h3>Formularze kontaktowe<\/h3>\n\n\n\n<h3>Ciasteczka<\/h3>\n\n\n\n<p>Je\u015bli zostawisz na naszej witrynie komentarz, b\u0119dziesz m\u00f3g\u0142 wybra\u0107 opcj\u0119 zapisu twojej nazwy, adresu email i adresu strony internetowej w ciasteczkach, dzi\u0119ki kt\u00f3rym podczas pisania kolejnych komentarzy powy\u017csze informacje b\u0119d\u0105 ju\u017c dogodnie uzupe\u0142nione. Te ciasteczka wygasaj\u0105 po roku.<\/p>\n\n\n\n<p>Je\u015bli odwiedzisz stron\u0119 logowania, utworzymy tymczasowe ciasteczko na potrzeby sprawdzenia czy twoja przegl\u0105darka akceptuje ciasteczka. To ciasteczko nie zawiera \u017cadnych danych osobistych i zostanie wyrzucone, kiedy zamkniesz przegl\u0105dark\u0119.<\/p>\n\n\n\n<p>Podczas logowania tworzymy dodatkowo kilka ciasteczek potrzebnych do zapisu twoich informacji logowania oraz wybranych opcji ekranu. Ciasteczka logowania wygasaj\u0105 po dw\u00f3ch dniach, a opcji ekranu po roku. Je\u015bli zaznaczysz opcj\u0119 \u201ePami\u0119taj mnie\u201d, logowanie wyga\u015bnie po dw\u00f3ch tygodniach. Je\u015bli wylogujesz si\u0119 ze swojego konta, ciasteczka logowania zostan\u0105 usuni\u0119te.<\/p>\n\n\n\n<p>Je\u015bli zmodyfikujesz albo opublikujesz artyku\u0142, w twojej przegl\u0105darce zostanie zapisane dodatkowe ciasteczko. To ciasteczko nie zawiera \u017cadnych danych osobistych, wskazuj\u0105c po prostu na identyfikator przed chwil\u0105 edytowanego artyku\u0142u. Wygasa ono po 1 dniu.<\/p>\n\n\n\n<h3>Osadzone tre\u015bci z innych witryn<\/h3>\n\n\n\n<p>Artyku\u0142y na tej witrynie mog\u0105 zawiera\u0107 osadzone tre\u015bci (np. filmy, obrazki, artyku\u0142y itp.). Osadzone tre\u015bci z innych witryn zachowuj\u0105 si\u0119 analogicznie do tego, jakby u\u017cytkownik odwiedzi\u0142 bezpo\u015brednio konkretn\u0105 witryn\u0119.<\/p>\n\n\n\n<p>Witryny mog\u0105 zbiera\u0107 informacje o tobie, u\u017cywa\u0107 ciasteczek, do\u0142\u0105cza\u0107 dodatkowe, zewn\u0119trzne systemy \u015bledzenia i monitorowa\u0107 twoje interakcje z osadzonym materia\u0142em, w\u0142\u0105czaj\u0105c w to \u015bledzenie twoich interakcji z osadzonym materia\u0142em je\u015bli posiadasz konto i jeste\u015b zalogowany w tamtej witrynie.<\/p>\n\n\n\n<h2>Jak d\u0142ugo przechowujemy twoje dane<\/h2>\n\n\n\n<p>Je\u015bli zostawisz komentarz, jego tre\u015b\u0107 i metadane b\u0119d\u0105 przechowywane przez czas nieokre\u015blony. Dzi\u0119ki temu jeste\u015bmy w stanie rozpoznawa\u0107 i zatwierdza\u0107 kolejne komentarze automatycznie, bez wysy\u0142ania ich do ka\u017cdorazowej moderacji.<\/p>\n\n\n\n<p>Dla u\u017cytkownik\u00f3w kt\u00f3rzy zarejestrowali si\u0119 na naszej stronie internetowej (je\u015bli tacy s\u0105), przechowujemy r\u00f3wnie\u017c informacje osobiste wprowadzone w profilu. Ka\u017cdy u\u017cytkownik mo\u017ce dokona\u0107 wgl\u0105du, korekty albo skasowa\u0107 swoje informacje osobiste w dowolnej chwili (nie licz\u0105c nazwy u\u017cytkownika, kt\u00f3rej nie mo\u017cna zmieni\u0107). Administratorzy strony r\u00f3wnie\u017c mog\u0105 przegl\u0105da\u0107 i modyfikowa\u0107 te informacje.<\/p>\n\n\n\n<h2>Jakie masz prawa do swoich danych<\/h2>\n\n\n\n<p>Je\u015bli masz konto u\u017cytkownika albo doda\u0142e\u015b komentarze w tej witrynie, mo\u017cesz za\u017c\u0105da\u0107 dostarczenia pliku z wyeksportowanym kompletem twoich danych osobistych b\u0119d\u0105cych w naszym posiadaniu, w tym ca\u0142o\u015b\u0107 tych dostarczonych przez ciebie. Mo\u017cesz r\u00f3wnie\u017c za\u017c\u0105da\u0107 usuni\u0119cia przez nas ca\u0142o\u015bci twoich danych osobistych w naszym posiadaniu. Nie dotyczy to \u017cadnych danych kt\u00f3re jeste\u015bmy zobligowani zachowa\u0107 ze wzgl\u0119d\u00f3w administracyjnych, prawnych albo bezpiecze\u0144stwa.<\/p>\n\n\n\n<h2>Gdzie przesy\u0142amy dane<\/h2>\n\n\n\n<p>Komentarze go\u015bci mog\u0105 by\u0107 sprawdzane za pomoc\u0105 automatycznej us\u0142ugi wykrywania spamu.<\/p>\n\n\n\n<h2>Kontakt z nami<\/h2>\n\n\n\n<p>tel. 538 325 395,<\/p>\n\n\n\n<p>e-mail: kontakt@powreketrzyn.pl<\/p>\n\n\n\n<h2>Informacje dodatkowe<\/h2>\n\n\n\n<h3>Klauzula informacyjna w zwi\u0105zku z korzystaniem z wtyczki \u201eLubi\u0119 to\u201d na Facebooku<\/h3>\n\n\n\n<p>Stosownie do rozporz\u0105dzenia Parlamentu Europejskiego i Rady (UE) 2016\/679 z dnia 27 kwietnia 2016r. w sprawie ochrony os\u00f3b fizycznych w zwi\u0105zku z przetwarzaniem danych osobowych i w sprawie swobodnego przep\u0142ywu takich danych oraz uchylenia dyrektywy 94\/46\/WE (dalej \u201eRODO\u201d) informujemy w jaki spos\u00f3b przetwarza\u0107 b\u0119dziemy Pa\u0144stwa dane osobowe udost\u0119pnione w trakcie korzystania z profilu&nbsp;<strong><a href=\"https:\/\/www.facebook.com\/Powiatowy-O%C5%9Brodek-Doskonalenia-Nauczycieli-w-K%C4%99trzynie-116306043111677\/\">https:\/\/www.facebook.com\/Powiatowy-O\u015brodek-Doskonalenia-Nauczycieli-w-K\u0119trzynie-116306043111677\/<\/a><\/strong>&nbsp;w serwisie Facebook (dalej \u201efanpage\u201d):<\/p>\n\n\n\n<p>I.\u00a0\u00a0\u00a0\u00a0\u00a0\u00a0 Administrator danych osobowych Administratorem Pa\u0144stwa danych osobowych jest Dyrektor Powiatowego O\u015brodka Wspierania i Rozwoju Edukacji z siedzib\u0105 w K\u0119trzynie, ul. Pocztowa 11, 11- 400 K\u0119trzyn,. W sprawach zwi\u0105zanych z przetwarzaniem danych mo\u017cna kontaktowa\u0107 si\u0119 listownie na adres: Powiatowy O\u015brodek Wspierania i Rozwoju Edukacji w K\u0119trzynie ul. Pocztowa 11 , 11- 400 K\u0119trzyn lub na adres e-mail:\u00a0kontakt@powreketrzyn.pl\u00a0, lub z wyznaczonym u Administratora Inspektorem Ochrony Danych pod adresem e-mailem:\u00a0<a href=\"mailto:iod@podn.starostwo.ketrzyn.pl\">iod@powreketrzyn.pl<\/a>\u00a0. \u00a0\u00a0<\/p>\n\n\n\n<p>II.&nbsp;&nbsp;&nbsp;&nbsp;&nbsp; Kategorie os\u00f3b, kt\u00f3rych dane s\u0105 przetwarzaneAdministrator przetwarza dane osobowe os\u00f3b, kt\u00f3re:-&nbsp;&nbsp;&nbsp; dokona\u0142y subskrypcji fanpage\u2019a poprzez klikni\u0119cie ikony \u201eLubi\u0119 to\u201d, \u201eObserwuj\u201d lub \u201eUdost\u0119pnij\u201d;-&nbsp;&nbsp;&nbsp; opublikowa\u0142y sw\u00f3j komentarz pod kt\u00f3rymkolwiek z post\u00f3w zamieszczonych na naszym fanpage\u2019u.<\/p>\n\n\n\n<p>III.&nbsp;&nbsp;&nbsp; Cele i podstawy przetwarzaniaPrzetwarzamy dane osobowe os\u00f3b okre\u015blonych w pkt I w nast\u0119puj\u0105cych celach:-&nbsp;&nbsp;&nbsp; w celu prowadzenia fanpage\u2019a pod nazw\u0105&nbsp;<strong>&nbsp;<a href=\"https:\/\/www.facebook.com\/Powiatowy-O%C5%9Brodek-Doskonalenia-Nauczycieli-w-K%C4%99trzynie-116306043111677\/\">https:\/\/www.facebook.com\/Powiatowy-O\u015brodek-Doskonalenia-Nauczycieli-w-K\u0119trzynie-116306043111677\/<\/a><\/strong>&nbsp;na portalu spo\u0142eczno\u015bciowym Facebook, na warunkach oraz na zasadach okre\u015blonych przez Facebook Inc. i informowania za jego pomoc\u0105 o naszej aktywno\u015bci, promowaniu r\u00f3\u017cnych us\u0142ug i wydarze\u0144, promowaniu naszej firmy i oferowanych us\u0142ug, budowaniu i utrzymaniu spo\u0142eczno\u015bci z nami zwi\u0105zanej oraz w celu komunikacji za po\u015brednictwem dost\u0119pnych funkcjonalno\u015bci serwisu Facebook (komentarze, wiadomo\u015bci) co jest naszym prawnie uzasadnionym interesem zgodnie z art. 6 ust. 1 lit f. RODO;-&nbsp;&nbsp;&nbsp; w celach analitycznych dotycz\u0105cych analiz funkcjonowania, popularno\u015bci, sposobu korzystania z fanpage\u2019a, co jest naszym prawnie uzasadnionym interesem;-&nbsp;&nbsp;&nbsp; skorzystanie z subskrypcji fanpage\u2019a jest dobrowolne i odbywa si\u0119 za zgod\u0105 osoby, kt\u00f3rej dane dotycz\u0105.<\/p>\n\n\n\n<p>IV.&nbsp;&nbsp;&nbsp; Kategorie przetwarzanych danych osobowych:Administrator b\u0119dzie przetwarza\u0142 nast\u0119puj\u0105ce dane:-&nbsp;&nbsp;&nbsp; podstawowe dane identyfikacyjne (Imi\u0119 i Nazwisko) w zakresie opublikowanym przez Pa\u0144stwa na Pa\u0144stwa w\u0142asnym profilu na portalu spo\u0142eczno\u015bciowym Facebook;-&nbsp;&nbsp;&nbsp; adres IP i identyfikator przegl\u0105darki u\u017cytkownika;-&nbsp;&nbsp;&nbsp; dane opublikowane przez Pa\u0144stwa na profilu Facebook;-&nbsp;&nbsp;&nbsp; anonimowe dane statystyczne dotycz\u0105ce os\u00f3b odwiedzaj\u0105cych fanpage\u2019a dost\u0119pne za pomoc\u0105 funkcji \u201eFacebook Insights\u201d udost\u0119pnionej przez Facebooka stosownie do niepodlegaj\u0105cych zmianie warunk\u00f3w korzystania z serwisu Facebook, gromadzone dzi\u0119ki plikom szpieguj\u0105cym (zwanym \u201eplikami cookies\u201d), z kt\u00f3rych ka\u017cdy zawiera niepowtarzalny kod u\u017cytkownika, kt\u00f3ry mo\u017cna powi\u0105za\u0107 z danymi po\u0142\u0105czenia u\u017cytkownik\u00f3w zarejestrowanych na Facebooku, a kt\u00f3ry zostaje pobrany i przetworzony w chwili otwarcia fanpage\u2019a.<\/p>\n\n\n\n<p>V.&nbsp;&nbsp;&nbsp;&nbsp;&nbsp; Odbiorcy danychAdministrator danych osobowych udost\u0119pnia dane osobowe:a)&nbsp;&nbsp;&nbsp; organom w\u0142adzy publicznej oraz podmiotom wykonuj\u0105cym zadania publiczne lub dzia\u0142aj\u0105cym na zlecenie organ\u00f3w w\u0142adzy publicznej, w zakresie i w celach, kt\u00f3re wynikaj\u0105 z przepis\u00f3w powszechnie obowi\u0105zuj\u0105cego prawa;b)&nbsp;&nbsp;&nbsp; w\u0142a\u015bcicielowi portalu spo\u0142eczno\u015bciowego Facebook na niepodlegaj\u0105cych zmianie zasadach dotycz\u0105cych danych okre\u015blonych przez Facebook dost\u0119pnych pod adresem&nbsp;<a href=\"https:\/\/www.facebook.com\/about\/privacy\"><u>https:\/\/www.facebook.com\/about\/privacy<\/u><\/a><\/p>\n\n\n\n<p>VI.&nbsp;&nbsp;&nbsp; Przekazywanie danych do pa\u0144stw trzecich lub organizacji mi\u0119dzynarodowychAdministrator danych nie przekazuje danych poza teren Polski\/UE\/Europejskiego Obszaru Gospodarczego z zastrze\u017ceniem ponadnarodowego charakteru przep\u0142ywu danych w ramach serwisu Facebook z zastosowaniem stosowanych przez Facebook klauzul umownych zatwierdzonych przez Komisj\u0119 Europejsk\u0105 i decyzji Komisji Europejskiej stwierdzaj\u0105cych odpowiedni stopie\u0144 ochrony danych w odniesieniu do okre\u015blonych kraj\u00f3w zgodnie z zasadami okre\u015blonymi przez Facebook pod adresem&nbsp;<a href=\"https:\/\/www.facebook.com\/about\/privacy\">https:\/\/www.facebook.com\/about\/privacy<\/a><\/p>\n\n\n\n<p>VII.\u00a0\u00a0 Okres przechowywania danych Okres przetwarzania danych jest zwi\u0105zany z celami i podstawami ich przetwarzania. W zwi\u0105zku z czym:-\u00a0\u00a0\u00a0 dane przetwarzane na podstawie wymog\u00f3w ustawowych b\u0119d\u0105 przetwarzane przez czas, w kt\u00f3rym przepisy prawa nakazuj\u0105 przechowanie danych;-\u00a0\u00a0\u00a0 dane statystyczne dotycz\u0105ce os\u00f3b odwiedzaj\u0105cych fanpage\u2019a dost\u0119pne za pomoc\u0105 funkcji \u201eFacebook Insights\u201d b\u0119d\u0105 przetwarzane przez czas dost\u0119pno\u015bci tych danych w serwisie Facebook wynosz\u0105cy 2 lata.<\/p>\n\n\n\n<p>VIII. Pa\u0144stwa prawa:Ka\u017cdy u\u017cytkownik ma prawo do dost\u0119pu do tre\u015bci swoich danych a tak\u017ce \u017c\u0105dania sprostowania tych danych, ograniczenia ich przetwarzania, prawo do przenoszenia danych oraz prawo do wniesienia sprzeciwu.Maj\u0105 Pa\u0144stwo prawo wniesienia skargi do Prezesa Urz\u0119du Ochrony Danych Osobowych, ul. Stawki 2, 00-193 Warszawa;&nbsp;<a href=\"https:\/\/www.uodo.gov.pl\/pl\/p\/\">https:\/\/www.uodo.gov.pl\/pl\/p\/<\/a>&nbsp;kontakt tel. (22) 531 03 00Je\u015bli potrzebuj\u0105 Pa\u0144stwo sprawdzi\u0107, zmieni\u0107, zaktualizowa\u0107 lub usun\u0105\u0107 swoje dane z FB powinni zalogowa\u0107 si\u0119 na swoim profilu i post\u0119powa\u0107 zgodnie z instrukcj\u0105 FB.<\/p>\n\n\n\n<p>IX.\u00a0\u00a0\u00a0 Informacje o \u017ar\u00f3dle danych Pa\u0144stwa dane uzyskujemy od firmy Facebook oraz z Pa\u0144stwa publicznego profilu i wpis\u00f3w na fanpage\u2019u na platformie internetowej Facebook.<\/p>\n\n\n\n<p>X.\u00a0\u00a0\u00a0\u00a0\u00a0 Pozosta\u0142e informacje Dane osobowe nie b\u0119d\u0105 przedmiotem zautomatyzowanego podejmowania decyzji w oparciu o profilowanie. Przetwarzanie pozyskanych od Pa\u0144stwa danych przez Administratora opiera\u0107 si\u0119 b\u0119dzie na zasadzie dobrowolno\u015bci ich podania.<\/p>\n","protected":false},"excerpt":{"rendered":"<p>Kim jeste\u015bmy Adres naszej strony internetowej to: http:\/\/powreketrzyn.pl. Jakie dane osobiste zbieramy i dlaczego je zbieramy Komentarze Kiedy odwiedzaj\u0105cy witryn\u0119 zostawia komentarz, zbieramy dane widoczne w formularzu komentowania, jak i adres IP odwiedzaj\u0105cego oraz podpis jego przegl\u0105darki jako pomoc przy wykrywaniu spamu. Zanonimizowany ci\u0105g znak\u00f3w&hellip; <a href=\"http:\/\/powreketrzyn.pl\/index.php\/polityka-prywatnosci\/\">Read More<\/a><\/p>\n","protected":false},"author":1,"featured_media":0,"parent":0,"menu_order":0,"comment_status":"closed","ping_status":"open","template":"","meta":[],"_links":{"self":[{"href":"http:\/\/powreketrzyn.pl\/index.php\/wp-json\/wp\/v2\/pages\/3"}],"collection":[{"href":"http:\/\/powreketrzyn.pl\/index.php\/wp-json\/wp\/v2\/pages"}],"about":[{"href":"http:\/\/powreketrzyn.pl\/index.php\/wp-json\/wp\/v2\/types\/page"}],"author":[{"embeddable":true,"href":"http:\/\/powreketrzyn.pl\/index.php\/wp-json\/wp\/v2\/users\/1"}],"replies":[{"embeddable":true,"href":"http:\/\/powreketrzyn.pl\/index.php\/wp-json\/wp\/v2\/comments?post=3"}],"version-history":[{"count":1,"href":"http:\/\/powreketrzyn.pl\/index.php\/wp-json\/wp\/v2\/pages\/3\/revisions"}],"predecessor-version":[{"id":56,"href":"http:\/\/powreketrzyn.pl\/index.php\/wp-json\/wp\/v2\/pages\/3\/revisions\/56"}],"wp:attachment":[{"href":"http:\/\/powreketrzyn.pl\/index.php\/wp-json\/wp\/v2\/media?parent=3"}],"curies":[{"name":"wp","href":"https:\/\/api.w.org\/{rel}","templated":true}]}}